{"id":999,"date":"2024-01-24T19:19:44","date_gmt":"2024-01-24T18:19:44","guid":{"rendered":"http:\/\/nicolaswaquet.fr\/?page_id=999"},"modified":"2025-09-15T16:55:55","modified_gmt":"2025-09-15T14:55:55","slug":"une-bonne-tasse-de-the","status":"publish","type":"page","link":"https:\/\/nicolaswaquet.fr\/index.php\/latin\/traduction-de-langlais\/une-bonne-tasse-de-the\/","title":{"rendered":"Une bonne tasse de th\u00e9"},"content":{"rendered":"<p><img loading=\"lazy\" decoding=\"async\" class=\"size-medium wp-image-1000 alignleft\" src=\"http:\/\/nicolaswaquet.fr\/wp-content\/uploads\/2024\/01\/Une-bonne-tae-de-the-194x300.jpg\" alt=\"\" width=\"194\" height=\"300\" srcset=\"https:\/\/nicolaswaquet.fr\/wp-content\/uploads\/2024\/01\/Une-bonne-tae-de-the-194x300.jpg 194w, https:\/\/nicolaswaquet.fr\/wp-content\/uploads\/2024\/01\/Une-bonne-tae-de-the.jpg 400w\" sizes=\"auto, (max-width: 194px) 100vw, 194px\" \/>Pr\u00e9fac\u00e9 et traduit de l&rsquo;anglais par N. Waquet<\/p>\n<p>Rivages, collection Rivages Poche Petite Biblioth\u00e8que, Paris, janvier 2024, 130 p.<\/p>\n<p class=\"field-label\">ISBN : 978-2-7436-6176-2<\/p>\n<p>Ouvrage retenu par Christilla Pell\u00e9-Dou\u00ebl dans l&rsquo;\u00e9mission <a href=\"https:\/\/www.radiofrance.fr\/franceinter\/podcasts\/grand-bien-vous-fasse\/grand-bien-vous-fasse-du-vendredi-05-septembre-2025-1218690\" target=\"_blank\" rel=\"noopener\">Le Club des Lectures qui font du bien<\/a>, sur France Inter le 5 septembre 2025 (<a href=\"https:\/\/luqi.fr\/#\/diffusion\/budget\/a2t57000000zDpZAAU\/preview\/audio\/60000000250247546\" target=\"_blank\" rel=\"noopener\">extrait<\/a>). Chroniques parues sur le site ActuaLitt\u00e9 en <a href=\"https:\/\/actualitte.com\/article\/115043\/avant-parutions\/george-orwell-prepare-le-the-et-la-lecture\" target=\"_blank\" rel=\"noopener\">janvier 2024<\/a> et <a href=\"https:\/\/actualitte.com\/article\/115704\/michroniques\/une-bonne-tasse-de-the-et-autres-essais\" target=\"_blank\" rel=\"noopener\">f\u00e9vrier 2024, <span style=\"color: #333333;\">fait l&rsquo;objet d&rsquo;une publication sur le blog <\/span><\/a><a href=\"https:\/\/lintervalle.blog\/2024\/02\/19\/totalitarisme-et-tasse-de-the-par-george-orwell-ecrivain\/\" target=\"_blank\" rel=\"noopener\">L&rsquo;intervalle<\/a><span style=\"color: #333333;\"><a style=\"color: #333333;\" href=\"https:\/\/actualitte.com\/article\/115704\/michroniques\/une-bonne-tasse-de-the-et-autres-essais\" target=\"_blank\" rel=\"noopener\"> de Fabien Ribery (19 f\u00e9vrier 2024)<\/a><\/span><\/p>\n","protected":false},"excerpt":{"rendered":"<p>Pr\u00e9fac\u00e9 et traduit de l&rsquo;anglais par N. Waquet Rivages, collection Rivages Poche Petite Biblioth\u00e8que, Paris, janvier 2024, 130 p. ISBN [&hellip;]<\/p>\n","protected":false},"author":1,"featured_media":0,"parent":108,"menu_order":0,"comment_status":"closed","ping_status":"closed","template":"","meta":{"footnotes":""},"class_list":["post-999","page","type-page","status-publish","hentry"],"aioseo_notices":[],"_links":{"self":[{"href":"https:\/\/nicolaswaquet.fr\/index.php\/wp-json\/wp\/v2\/pages\/999","targetHints":{"allow":["GET"]}}],"collection":[{"href":"https:\/\/nicolaswaquet.fr\/index.php\/wp-json\/wp\/v2\/pages"}],"about":[{"href":"https:\/\/nicolaswaquet.fr\/index.php\/wp-json\/wp\/v2\/types\/page"}],"author":[{"embeddable":true,"href":"https:\/\/nicolaswaquet.fr\/index.php\/wp-json\/wp\/v2\/users\/1"}],"replies":[{"embeddable":true,"href":"https:\/\/nicolaswaquet.fr\/index.php\/wp-json\/wp\/v2\/comments?post=999"}],"version-history":[{"count":20,"href":"https:\/\/nicolaswaquet.fr\/index.php\/wp-json\/wp\/v2\/pages\/999\/revisions"}],"predecessor-version":[{"id":1158,"href":"https:\/\/nicolaswaquet.fr\/index.php\/wp-json\/wp\/v2\/pages\/999\/revisions\/1158"}],"up":[{"embeddable":true,"href":"https:\/\/nicolaswaquet.fr\/index.php\/wp-json\/wp\/v2\/pages\/108"}],"wp:attachment":[{"href":"https:\/\/nicolaswaquet.fr\/index.php\/wp-json\/wp\/v2\/media?parent=999"}],"curies":[{"name":"wp","href":"https:\/\/api.w.org\/{rel}","templated":true}]}}