{"id":982,"date":"2023-09-15T17:48:17","date_gmt":"2023-09-15T15:48:17","guid":{"rendered":"http:\/\/nicolaswaquet.fr\/?page_id=982"},"modified":"2023-09-15T17:49:58","modified_gmt":"2023-09-15T15:49:58","slug":"amour-et-amitie-lysis","status":"publish","type":"page","link":"https:\/\/nicolaswaquet.fr\/index.php\/latin\/traductions-du-grec\/amour-et-amitie-lysis\/","title":{"rendered":"Amour et amiti\u00e9 &#8211; Lysis"},"content":{"rendered":"<p><img loading=\"lazy\" decoding=\"async\" class=\"size-medium wp-image-978 alignleft\" src=\"http:\/\/nicolaswaquet.fr\/wp-content\/uploads\/2023\/09\/platon-amitie-et-amour-194x300.jpg\" alt=\"\" width=\"194\" height=\"300\" srcset=\"https:\/\/nicolaswaquet.fr\/wp-content\/uploads\/2023\/09\/platon-amitie-et-amour-194x300.jpg 194w, https:\/\/nicolaswaquet.fr\/wp-content\/uploads\/2023\/09\/platon-amitie-et-amour.jpg 468w\" sizes=\"auto, (max-width: 194px) 100vw, 194px\" \/>Traduit du grec ancien et pr\u00e9fac\u00e9 par Nicolas Waquet.<\/p>\n<p>Rivages, collection Rivages poche Petite Biblioth\u00e8que, Paris, ao\u00fbt 2023, 110 p.<\/p>\n<div class=\"field field-name-field-isbn field-type-text field-label-inline clearfix\">\n<div class=\"field-label\">ISBN : 978-2-7436-6069-7<\/div>\n<\/div>\n<div><\/div>\n<div><\/div>\n<div><\/div>\n<div><\/div>\n<div><\/div>\n<div><\/div>\n<div><\/div>\n<div><\/div>\n<div><\/div>\n<div><\/div>\n","protected":false},"excerpt":{"rendered":"<p>Traduit du grec ancien et pr\u00e9fac\u00e9 par Nicolas Waquet. Rivages, collection Rivages poche Petite Biblioth\u00e8que, Paris, ao\u00fbt 2023, 110 p. [&hellip;]<\/p>\n","protected":false},"author":1,"featured_media":0,"parent":104,"menu_order":0,"comment_status":"closed","ping_status":"closed","template":"","meta":{"footnotes":""},"class_list":["post-982","page","type-page","status-publish","hentry"],"aioseo_notices":[],"_links":{"self":[{"href":"https:\/\/nicolaswaquet.fr\/index.php\/wp-json\/wp\/v2\/pages\/982","targetHints":{"allow":["GET"]}}],"collection":[{"href":"https:\/\/nicolaswaquet.fr\/index.php\/wp-json\/wp\/v2\/pages"}],"about":[{"href":"https:\/\/nicolaswaquet.fr\/index.php\/wp-json\/wp\/v2\/types\/page"}],"author":[{"embeddable":true,"href":"https:\/\/nicolaswaquet.fr\/index.php\/wp-json\/wp\/v2\/users\/1"}],"replies":[{"embeddable":true,"href":"https:\/\/nicolaswaquet.fr\/index.php\/wp-json\/wp\/v2\/comments?post=982"}],"version-history":[{"count":2,"href":"https:\/\/nicolaswaquet.fr\/index.php\/wp-json\/wp\/v2\/pages\/982\/revisions"}],"predecessor-version":[{"id":984,"href":"https:\/\/nicolaswaquet.fr\/index.php\/wp-json\/wp\/v2\/pages\/982\/revisions\/984"}],"up":[{"embeddable":true,"href":"https:\/\/nicolaswaquet.fr\/index.php\/wp-json\/wp\/v2\/pages\/104"}],"wp:attachment":[{"href":"https:\/\/nicolaswaquet.fr\/index.php\/wp-json\/wp\/v2\/media?parent=982"}],"curies":[{"name":"wp","href":"https:\/\/api.w.org\/{rel}","templated":true}]}}