{"id":976,"date":"2023-09-15T17:43:26","date_gmt":"2023-09-15T15:43:26","guid":{"rendered":"http:\/\/nicolaswaquet.fr\/?page_id=976"},"modified":"2024-06-11T18:29:22","modified_gmt":"2024-06-11T16:29:22","slug":"lart-de-vieillir","status":"publish","type":"page","link":"https:\/\/nicolaswaquet.fr\/index.php\/latin\/traductions-de-lallemand\/lart-de-vieillir\/","title":{"rendered":"L&rsquo;art de vieillir"},"content":{"rendered":"<p><img loading=\"lazy\" decoding=\"async\" class=\"size-medium wp-image-977 alignleft\" src=\"http:\/\/nicolaswaquet.fr\/wp-content\/uploads\/2023\/09\/Schopenhauer-194x300.jpg\" alt=\"\" width=\"194\" height=\"300\" srcset=\"https:\/\/nicolaswaquet.fr\/wp-content\/uploads\/2023\/09\/Schopenhauer-194x300.jpg 194w, https:\/\/nicolaswaquet.fr\/wp-content\/uploads\/2023\/09\/Schopenhauer.jpg 400w\" sizes=\"auto, (max-width: 194px) 100vw, 194px\" \/><\/p>\n<p>Traduit de l&rsquo;allemand et pr\u00e9fac\u00e9 par Nicolas Waquet.<\/p>\n<p>Rivages, collection Rivages Poche Petite Biblioth\u00e8que, Paris, septembre 2023, 120 p.<\/p>\n<div class=\"field-items\">\n<div class=\"field-item even\">ISBN : 978-2-7436-6068-0<\/div>\n<\/div>\n<div><\/div>\n<div>S\u00e9lectionn\u00e9 par <a href=\"https:\/\/www.lemonde.fr\/livres\/article\/2023\/09\/30\/trois-livres-de-poche-sur-l-automne-de-la-vie-conseilles-par-francois-angelier_6191783_3260.html\" target=\"_blank\" rel=\"noopener\">Le Monde des Livres<\/a>, septembre 2023<\/div>\n<div><\/div>\n<div>Chroniqu\u00e9 sur le compte ma.boussole.hlp (Aur\u00e9lien Gautherie, professeur d&rsquo;Humanit\u00e9s), <a href=\"http:\/\/nicolaswaquet.fr\/wp-content\/uploads\/2024\/06\/insta-prof-HLP-sur-Schopenhauer.png\" target=\"_blank\" rel=\"noopener\">\u00e0 retrouver ici.<\/a><\/div>\n<div><\/div>\n<div><\/div>\n<div><\/div>\n<div><\/div>\n<div><\/div>\n<div><\/div>\n<div><\/div>\n","protected":false},"excerpt":{"rendered":"<p>Traduit de l&rsquo;allemand et pr\u00e9fac\u00e9 par Nicolas Waquet. Rivages, collection Rivages Poche Petite Biblioth\u00e8que, Paris, septembre 2023, 120 p. ISBN [&hellip;]<\/p>\n","protected":false},"author":1,"featured_media":0,"parent":102,"menu_order":0,"comment_status":"closed","ping_status":"closed","template":"","meta":{"footnotes":""},"class_list":["post-976","page","type-page","status-publish","hentry"],"aioseo_notices":[],"_links":{"self":[{"href":"https:\/\/nicolaswaquet.fr\/index.php\/wp-json\/wp\/v2\/pages\/976","targetHints":{"allow":["GET"]}}],"collection":[{"href":"https:\/\/nicolaswaquet.fr\/index.php\/wp-json\/wp\/v2\/pages"}],"about":[{"href":"https:\/\/nicolaswaquet.fr\/index.php\/wp-json\/wp\/v2\/types\/page"}],"author":[{"embeddable":true,"href":"https:\/\/nicolaswaquet.fr\/index.php\/wp-json\/wp\/v2\/users\/1"}],"replies":[{"embeddable":true,"href":"https:\/\/nicolaswaquet.fr\/index.php\/wp-json\/wp\/v2\/comments?post=976"}],"version-history":[{"count":10,"href":"https:\/\/nicolaswaquet.fr\/index.php\/wp-json\/wp\/v2\/pages\/976\/revisions"}],"predecessor-version":[{"id":1040,"href":"https:\/\/nicolaswaquet.fr\/index.php\/wp-json\/wp\/v2\/pages\/976\/revisions\/1040"}],"up":[{"embeddable":true,"href":"https:\/\/nicolaswaquet.fr\/index.php\/wp-json\/wp\/v2\/pages\/102"}],"wp:attachment":[{"href":"https:\/\/nicolaswaquet.fr\/index.php\/wp-json\/wp\/v2\/media?parent=976"}],"curies":[{"name":"wp","href":"https:\/\/api.w.org\/{rel}","templated":true}]}}