{"id":968,"date":"2023-03-30T13:39:18","date_gmt":"2023-03-30T11:39:18","guid":{"rendered":"http:\/\/nicolaswaquet.fr\/?page_id=968"},"modified":"2023-09-15T17:51:12","modified_gmt":"2023-09-15T15:51:12","slug":"le-miroir-aveugle","status":"publish","type":"page","link":"https:\/\/nicolaswaquet.fr\/index.php\/latin\/traductions-de-lallemand\/le-miroir-aveugle\/","title":{"rendered":"Le miroir aveugle"},"content":{"rendered":"<p><img loading=\"lazy\" decoding=\"async\" class=\"size-medium wp-image-970 alignleft\" src=\"http:\/\/nicolaswaquet.fr\/wp-content\/uploads\/2023\/03\/Le-miroir-aveugle-194x300.jpg\" alt=\"\" width=\"194\" height=\"300\" srcset=\"https:\/\/nicolaswaquet.fr\/wp-content\/uploads\/2023\/03\/Le-miroir-aveugle-194x300.jpg 194w, https:\/\/nicolaswaquet.fr\/wp-content\/uploads\/2023\/03\/Le-miroir-aveugle.jpg 400w\" sizes=\"auto, (max-width: 194px) 100vw, 194px\" \/><\/p>\n<p>Traduit de l&rsquo;allemand et pr\u00e9fac\u00e9 par Nicolas Waquet.<\/p>\n<p>Rivages, collection Rivages Poche Petite Biblioth\u00e8que, Paris, mars 2023, 100 p.<\/p>\n<p>ISBN: 978-2-7436-5916-5<\/p>\n<p>&nbsp;<\/p>\n<p>&nbsp;<\/p>\n<p>&nbsp;<\/p>\n<p>&nbsp;<\/p>\n<p>&nbsp;<\/p>\n","protected":false},"excerpt":{"rendered":"<p>Traduit de l&rsquo;allemand et pr\u00e9fac\u00e9 par Nicolas Waquet. Rivages, collection Rivages Poche Petite Biblioth\u00e8que, Paris, mars 2023, 100 p. ISBN: [&hellip;]<\/p>\n","protected":false},"author":1,"featured_media":0,"parent":102,"menu_order":0,"comment_status":"closed","ping_status":"closed","template":"","meta":{"footnotes":""},"class_list":["post-968","page","type-page","status-publish","hentry"],"aioseo_notices":[],"_links":{"self":[{"href":"https:\/\/nicolaswaquet.fr\/index.php\/wp-json\/wp\/v2\/pages\/968","targetHints":{"allow":["GET"]}}],"collection":[{"href":"https:\/\/nicolaswaquet.fr\/index.php\/wp-json\/wp\/v2\/pages"}],"about":[{"href":"https:\/\/nicolaswaquet.fr\/index.php\/wp-json\/wp\/v2\/types\/page"}],"author":[{"embeddable":true,"href":"https:\/\/nicolaswaquet.fr\/index.php\/wp-json\/wp\/v2\/users\/1"}],"replies":[{"embeddable":true,"href":"https:\/\/nicolaswaquet.fr\/index.php\/wp-json\/wp\/v2\/comments?post=968"}],"version-history":[{"count":5,"href":"https:\/\/nicolaswaquet.fr\/index.php\/wp-json\/wp\/v2\/pages\/968\/revisions"}],"predecessor-version":[{"id":986,"href":"https:\/\/nicolaswaquet.fr\/index.php\/wp-json\/wp\/v2\/pages\/968\/revisions\/986"}],"up":[{"embeddable":true,"href":"https:\/\/nicolaswaquet.fr\/index.php\/wp-json\/wp\/v2\/pages\/102"}],"wp:attachment":[{"href":"https:\/\/nicolaswaquet.fr\/index.php\/wp-json\/wp\/v2\/media?parent=968"}],"curies":[{"name":"wp","href":"https:\/\/api.w.org\/{rel}","templated":true}]}}