{"id":932,"date":"2022-05-30T16:40:48","date_gmt":"2022-05-30T14:40:48","guid":{"rendered":"http:\/\/nicolaswaquet.fr\/?page_id=932"},"modified":"2022-05-30T16:40:48","modified_gmt":"2022-05-30T14:40:48","slug":"will-lhomme-du-moulin","status":"publish","type":"page","link":"https:\/\/nicolaswaquet.fr\/index.php\/latin\/traduction-de-langlais\/will-lhomme-du-moulin\/","title":{"rendered":"Will, l&rsquo;homme du moulin"},"content":{"rendered":"<p><img loading=\"lazy\" decoding=\"async\" class=\"size-medium wp-image-933 alignleft\" src=\"http:\/\/nicolaswaquet.fr\/wp-content\/uploads\/2022\/05\/Stevenson-Will-194x300.jpg\" alt=\"\" width=\"194\" height=\"300\" srcset=\"https:\/\/nicolaswaquet.fr\/wp-content\/uploads\/2022\/05\/Stevenson-Will-194x300.jpg 194w, https:\/\/nicolaswaquet.fr\/wp-content\/uploads\/2022\/05\/Stevenson-Will.jpg 324w\" sizes=\"auto, (max-width: 194px) 100vw, 194px\" \/><\/p>\n<p>Traduit de l&rsquo;anglais et pr\u00e9fac\u00e9 par N. Waquet.<\/p>\n<p>Rivages, collection Rivages Poche Petite Biblioth\u00e8que, Paris, 2022, 80 p.<\/p>\n<p><small>ISBN\u00a0978-2-7436-5665-2<\/small><\/p>\n<p>&nbsp;<\/p>\n<p>&nbsp;<\/p>\n<p>&nbsp;<\/p>\n<p>&nbsp;<\/p>\n<p>&nbsp;<\/p>\n<p>&nbsp;<\/p>\n<p>&nbsp;<\/p>\n","protected":false},"excerpt":{"rendered":"<p>Traduit de l&rsquo;anglais et pr\u00e9fac\u00e9 par N. Waquet. Rivages, collection Rivages Poche Petite Biblioth\u00e8que, Paris, 2022, 80 p. ISBN\u00a0978-2-7436-5665-2 &nbsp; [&hellip;]<\/p>\n","protected":false},"author":1,"featured_media":0,"parent":108,"menu_order":0,"comment_status":"closed","ping_status":"closed","template":"","meta":{"footnotes":""},"class_list":["post-932","page","type-page","status-publish","hentry"],"aioseo_notices":[],"_links":{"self":[{"href":"https:\/\/nicolaswaquet.fr\/index.php\/wp-json\/wp\/v2\/pages\/932","targetHints":{"allow":["GET"]}}],"collection":[{"href":"https:\/\/nicolaswaquet.fr\/index.php\/wp-json\/wp\/v2\/pages"}],"about":[{"href":"https:\/\/nicolaswaquet.fr\/index.php\/wp-json\/wp\/v2\/types\/page"}],"author":[{"embeddable":true,"href":"https:\/\/nicolaswaquet.fr\/index.php\/wp-json\/wp\/v2\/users\/1"}],"replies":[{"embeddable":true,"href":"https:\/\/nicolaswaquet.fr\/index.php\/wp-json\/wp\/v2\/comments?post=932"}],"version-history":[{"count":1,"href":"https:\/\/nicolaswaquet.fr\/index.php\/wp-json\/wp\/v2\/pages\/932\/revisions"}],"predecessor-version":[{"id":934,"href":"https:\/\/nicolaswaquet.fr\/index.php\/wp-json\/wp\/v2\/pages\/932\/revisions\/934"}],"up":[{"embeddable":true,"href":"https:\/\/nicolaswaquet.fr\/index.php\/wp-json\/wp\/v2\/pages\/108"}],"wp:attachment":[{"href":"https:\/\/nicolaswaquet.fr\/index.php\/wp-json\/wp\/v2\/media?parent=932"}],"curies":[{"name":"wp","href":"https:\/\/api.w.org\/{rel}","templated":true}]}}