{"id":910,"date":"2021-12-11T18:04:19","date_gmt":"2021-12-11T17:04:19","guid":{"rendered":"http:\/\/nicolaswaquet.fr\/?page_id=910"},"modified":"2021-12-11T18:24:03","modified_gmt":"2021-12-11T17:24:03","slug":"pensees-et-anecdotes","status":"publish","type":"page","link":"https:\/\/nicolaswaquet.fr\/index.php\/latin\/traductions-du-grec\/pensees-et-anecdotes\/","title":{"rendered":"Pens\u00e9es et anecdotes"},"content":{"rendered":"<p><img loading=\"lazy\" decoding=\"async\" class=\"size-medium wp-image-911 alignleft\" src=\"http:\/\/nicolaswaquet.fr\/wp-content\/uploads\/2021\/12\/Diogene-194x300.jpg\" alt=\"\" width=\"194\" height=\"300\" srcset=\"https:\/\/nicolaswaquet.fr\/wp-content\/uploads\/2021\/12\/Diogene-194x300.jpg 194w, https:\/\/nicolaswaquet.fr\/wp-content\/uploads\/2021\/12\/Diogene.jpg 400w\" sizes=\"auto, (max-width: 194px) 100vw, 194px\" \/><\/p>\n<p>Traduit du grec, pr\u00e9fac\u00e9 et annot\u00e9 par Nicolas Waquet<\/p>\n<p>Rivages Poche Petite Biblioth\u00e8que, Paris, novembre 2021, 110 p.<\/p>\n<p>ISBN : 978-2-7436-5465-8<\/p>\n<p>&nbsp;<\/p>\n<p>Fait l&rsquo;objet d&rsquo;une publication sur le blog <a href=\"https:\/\/lintervalle.blog\/2021\/12\/06\/diogene-gare-aux-poulpes\/\" target=\"_blank\" rel=\"noopener\">L&rsquo;intervalle<\/a> de Fabien Ribery (6 d\u00e9cembre 2021)<\/p>\n<p>&nbsp;<\/p>\n<p>&nbsp;<\/p>\n<p>&nbsp;<\/p>\n<p>&nbsp;<\/p>\n<p>&nbsp;<\/p>\n<p>&nbsp;<\/p>\n","protected":false},"excerpt":{"rendered":"<p>Traduit du grec, pr\u00e9fac\u00e9 et annot\u00e9 par Nicolas Waquet Rivages Poche Petite Biblioth\u00e8que, Paris, novembre 2021, 110 p. ISBN : [&hellip;]<\/p>\n","protected":false},"author":1,"featured_media":0,"parent":104,"menu_order":0,"comment_status":"closed","ping_status":"closed","template":"","meta":{"footnotes":""},"class_list":["post-910","page","type-page","status-publish","hentry"],"aioseo_notices":[],"_links":{"self":[{"href":"https:\/\/nicolaswaquet.fr\/index.php\/wp-json\/wp\/v2\/pages\/910","targetHints":{"allow":["GET"]}}],"collection":[{"href":"https:\/\/nicolaswaquet.fr\/index.php\/wp-json\/wp\/v2\/pages"}],"about":[{"href":"https:\/\/nicolaswaquet.fr\/index.php\/wp-json\/wp\/v2\/types\/page"}],"author":[{"embeddable":true,"href":"https:\/\/nicolaswaquet.fr\/index.php\/wp-json\/wp\/v2\/users\/1"}],"replies":[{"embeddable":true,"href":"https:\/\/nicolaswaquet.fr\/index.php\/wp-json\/wp\/v2\/comments?post=910"}],"version-history":[{"count":5,"href":"https:\/\/nicolaswaquet.fr\/index.php\/wp-json\/wp\/v2\/pages\/910\/revisions"}],"predecessor-version":[{"id":927,"href":"https:\/\/nicolaswaquet.fr\/index.php\/wp-json\/wp\/v2\/pages\/910\/revisions\/927"}],"up":[{"embeddable":true,"href":"https:\/\/nicolaswaquet.fr\/index.php\/wp-json\/wp\/v2\/pages\/104"}],"wp:attachment":[{"href":"https:\/\/nicolaswaquet.fr\/index.php\/wp-json\/wp\/v2\/media?parent=910"}],"curies":[{"name":"wp","href":"https:\/\/api.w.org\/{rel}","templated":true}]}}