{"id":770,"date":"2020-06-13T14:19:55","date_gmt":"2020-06-13T12:19:55","guid":{"rendered":"http:\/\/nicolaswaquet.fr\/?page_id=770"},"modified":"2024-10-17T17:17:14","modified_gmt":"2024-10-17T15:17:14","slug":"bibliographie","status":"publish","type":"page","link":"https:\/\/nicolaswaquet.fr\/","title":{"rendered":"Bibliographie"},"content":{"rendered":"<p>Nicolas Waquet, n\u00e9 en 1978, po\u00e8te, traducteur, pr\u00e9facier\u2026<\/p>\n<p>Apr\u00e8s \u00eatre pass\u00e9 par les classes pr\u00e9paratoires litt\u00e9raires, il suit un parcours universitaire en Litt\u00e9rature Compar\u00e9e \u00e0 la Sorbonne. Il commence \u00e0 publier en 2004, dans la Revue de la Maison de la Po\u00e9sie de Paris.<\/p>\n<p>Vous trouverez sur ce site une liste de ses publications et communications ainsi qu\u2019une revue de presse.<\/p>\n","protected":false},"excerpt":{"rendered":"<p>Nicolas Waquet, n\u00e9 en 1978, po\u00e8te, traducteur, pr\u00e9facier\u2026 Apr\u00e8s \u00eatre pass\u00e9 par les classes pr\u00e9paratoires litt\u00e9raires, il suit un parcours [&hellip;]<\/p>\n","protected":false},"author":1,"featured_media":0,"parent":0,"menu_order":0,"comment_status":"closed","ping_status":"closed","template":"","meta":{"footnotes":""},"class_list":["post-770","page","type-page","status-publish","hentry"],"aioseo_notices":[],"_links":{"self":[{"href":"https:\/\/nicolaswaquet.fr\/index.php\/wp-json\/wp\/v2\/pages\/770","targetHints":{"allow":["GET"]}}],"collection":[{"href":"https:\/\/nicolaswaquet.fr\/index.php\/wp-json\/wp\/v2\/pages"}],"about":[{"href":"https:\/\/nicolaswaquet.fr\/index.php\/wp-json\/wp\/v2\/types\/page"}],"author":[{"embeddable":true,"href":"https:\/\/nicolaswaquet.fr\/index.php\/wp-json\/wp\/v2\/users\/1"}],"replies":[{"embeddable":true,"href":"https:\/\/nicolaswaquet.fr\/index.php\/wp-json\/wp\/v2\/comments?post=770"}],"version-history":[{"count":6,"href":"https:\/\/nicolaswaquet.fr\/index.php\/wp-json\/wp\/v2\/pages\/770\/revisions"}],"predecessor-version":[{"id":1070,"href":"https:\/\/nicolaswaquet.fr\/index.php\/wp-json\/wp\/v2\/pages\/770\/revisions\/1070"}],"wp:attachment":[{"href":"https:\/\/nicolaswaquet.fr\/index.php\/wp-json\/wp\/v2\/media?parent=770"}],"curies":[{"name":"wp","href":"https:\/\/api.w.org\/{rel}","templated":true}]}}