{"id":764,"date":"2020-06-13T14:12:22","date_gmt":"2020-06-13T12:12:22","guid":{"rendered":"http:\/\/nicolaswaquet.fr\/?page_id=764"},"modified":"2020-10-05T13:59:29","modified_gmt":"2020-10-05T11:59:29","slug":"la-medecine-de-lame","status":"publish","type":"page","link":"https:\/\/nicolaswaquet.fr\/index.php\/latin\/traductions-du-latin\/la-medecine-de-lame\/","title":{"rendered":"La m\u00e9decine de l&rsquo;\u00e2me"},"content":{"rendered":"<p><img loading=\"lazy\" decoding=\"async\" class=\"size-medium wp-image-762 alignleft\" src=\"http:\/\/nicolaswaquet.fr\/wp-content\/uploads\/2020\/06\/medecine-ame-194x300.jpg\" alt=\"\" width=\"194\" height=\"300\" srcset=\"https:\/\/nicolaswaquet.fr\/wp-content\/uploads\/2020\/06\/medecine-ame-194x300.jpg 194w, https:\/\/nicolaswaquet.fr\/wp-content\/uploads\/2020\/06\/medecine-ame.jpg 400w\" sizes=\"auto, (max-width: 194px) 100vw, 194px\" \/><\/p>\n<p>Traduit du latin et pr\u00e9fac\u00e9 par N. Waquet<\/p>\n<p>Rivages Poche Petite Biblioth\u00e8que, n\u00b0 951, Paris, juin 2020, 96 p.<\/p>\n<p>ISBN : 978-2-7436-5023-0<\/p>\n<p>&nbsp;<\/p>\n<p>S\u00e9lectionn\u00e9 par l<a href=\"http:\/\/nicolaswaquet.fr\/wp-content\/uploads\/2020\/10\/2020-07-09-LHUMANITE-DIMANCHE-Du-09-au-22-juillet-2020-10000000059071766-copie.jpg\" target=\"_blank\" rel=\"noopener\">&lsquo;Humanit\u00e9 Dimanche<\/a> dans son \u00e9dition du 6 juillet 2020.<\/p>\n<p>&nbsp;<\/p>\n<p>&nbsp;<\/p>\n<p>&nbsp;<\/p>\n<p>&nbsp;<\/p>\n<p>&nbsp;<\/p>\n<p>&nbsp;<\/p>\n","protected":false},"excerpt":{"rendered":"<p>Traduit du latin et pr\u00e9fac\u00e9 par N. Waquet Rivages Poche Petite Biblioth\u00e8que, n\u00b0 951, Paris, juin 2020, 96 p. ISBN [&hellip;]<\/p>\n","protected":false},"author":1,"featured_media":0,"parent":106,"menu_order":0,"comment_status":"closed","ping_status":"closed","template":"","meta":{"footnotes":""},"class_list":["post-764","page","type-page","status-publish","hentry"],"aioseo_notices":[],"_links":{"self":[{"href":"https:\/\/nicolaswaquet.fr\/index.php\/wp-json\/wp\/v2\/pages\/764","targetHints":{"allow":["GET"]}}],"collection":[{"href":"https:\/\/nicolaswaquet.fr\/index.php\/wp-json\/wp\/v2\/pages"}],"about":[{"href":"https:\/\/nicolaswaquet.fr\/index.php\/wp-json\/wp\/v2\/types\/page"}],"author":[{"embeddable":true,"href":"https:\/\/nicolaswaquet.fr\/index.php\/wp-json\/wp\/v2\/users\/1"}],"replies":[{"embeddable":true,"href":"https:\/\/nicolaswaquet.fr\/index.php\/wp-json\/wp\/v2\/comments?post=764"}],"version-history":[{"count":3,"href":"https:\/\/nicolaswaquet.fr\/index.php\/wp-json\/wp\/v2\/pages\/764\/revisions"}],"predecessor-version":[{"id":802,"href":"https:\/\/nicolaswaquet.fr\/index.php\/wp-json\/wp\/v2\/pages\/764\/revisions\/802"}],"up":[{"embeddable":true,"href":"https:\/\/nicolaswaquet.fr\/index.php\/wp-json\/wp\/v2\/pages\/106"}],"wp:attachment":[{"href":"https:\/\/nicolaswaquet.fr\/index.php\/wp-json\/wp\/v2\/media?parent=764"}],"curies":[{"name":"wp","href":"https:\/\/api.w.org\/{rel}","templated":true}]}}