{"id":668,"date":"2019-04-08T16:20:21","date_gmt":"2019-04-08T14:20:21","guid":{"rendered":"http:\/\/nicolaswaquet.fr\/?page_id=668"},"modified":"2019-04-08T16:21:59","modified_gmt":"2019-04-08T14:21:59","slug":"de-la-guerre","status":"publish","type":"page","link":"https:\/\/nicolaswaquet.fr\/index.php\/latin\/traductions-du-grec\/de-la-guerre\/","title":{"rendered":"De la guerre"},"content":{"rendered":"<p><img loading=\"lazy\" decoding=\"async\" class=\"size-medium wp-image-669 alignleft\" src=\"http:\/\/nicolaswaquet.fr\/wp-content\/uploads\/2019\/04\/thucydide-194x300.gif\" alt=\"\" width=\"194\" height=\"300\" \/><\/p>\n<p>Pr\u00e9face et traduction de Nicolas Waquet<\/p>\n<p>Rivage Poche Petite Biblioth\u00e8que, f\u00e9vrier 2019, 144 p., n\u00b0 923<\/p>\n<p>ISBN : 978-2-7436-4611-0<\/p>\n<p>&nbsp;<\/p>\n<p>&nbsp;<\/p>\n<p>&nbsp;<\/p>\n<p>&nbsp;<\/p>\n<p>&nbsp;<\/p>\n","protected":false},"excerpt":{"rendered":"<p>Pr\u00e9face et traduction de Nicolas Waquet Rivage Poche Petite Biblioth\u00e8que, f\u00e9vrier 2019, 144 p., n\u00b0 923 ISBN : 978-2-7436-4611-0 &nbsp; [&hellip;]<\/p>\n","protected":false},"author":1,"featured_media":0,"parent":104,"menu_order":0,"comment_status":"closed","ping_status":"closed","template":"","meta":{"footnotes":""},"class_list":["post-668","page","type-page","status-publish","hentry"],"aioseo_notices":[],"_links":{"self":[{"href":"https:\/\/nicolaswaquet.fr\/index.php\/wp-json\/wp\/v2\/pages\/668","targetHints":{"allow":["GET"]}}],"collection":[{"href":"https:\/\/nicolaswaquet.fr\/index.php\/wp-json\/wp\/v2\/pages"}],"about":[{"href":"https:\/\/nicolaswaquet.fr\/index.php\/wp-json\/wp\/v2\/types\/page"}],"author":[{"embeddable":true,"href":"https:\/\/nicolaswaquet.fr\/index.php\/wp-json\/wp\/v2\/users\/1"}],"replies":[{"embeddable":true,"href":"https:\/\/nicolaswaquet.fr\/index.php\/wp-json\/wp\/v2\/comments?post=668"}],"version-history":[{"count":2,"href":"https:\/\/nicolaswaquet.fr\/index.php\/wp-json\/wp\/v2\/pages\/668\/revisions"}],"predecessor-version":[{"id":673,"href":"https:\/\/nicolaswaquet.fr\/index.php\/wp-json\/wp\/v2\/pages\/668\/revisions\/673"}],"up":[{"embeddable":true,"href":"https:\/\/nicolaswaquet.fr\/index.php\/wp-json\/wp\/v2\/pages\/104"}],"wp:attachment":[{"href":"https:\/\/nicolaswaquet.fr\/index.php\/wp-json\/wp\/v2\/media?parent=668"}],"curies":[{"name":"wp","href":"https:\/\/api.w.org\/{rel}","templated":true}]}}