{"id":577,"date":"2018-05-11T13:20:19","date_gmt":"2018-05-11T11:20:19","guid":{"rendered":"http:\/\/nicolaswaquet.fr\/?page_id=577"},"modified":"2020-10-05T15:41:01","modified_gmt":"2020-10-05T13:41:01","slug":"la-paix-de-lame","status":"publish","type":"page","link":"https:\/\/nicolaswaquet.fr\/index.php\/latin\/traductions-du-grec\/la-paix-de-lame\/","title":{"rendered":"La paix de l&rsquo;\u00e2me"},"content":{"rendered":"<p><i><img loading=\"lazy\" decoding=\"async\" class=\"size-medium wp-image-578 alignleft\" src=\"http:\/\/nicolaswaquet.fr\/wp-content\/uploads\/2018\/05\/La-paix-de-lame-194x300.jpg\" alt=\"\" width=\"194\" height=\"300\" srcset=\"https:\/\/nicolaswaquet.fr\/wp-content\/uploads\/2018\/05\/La-paix-de-lame-194x300.jpg 194w, https:\/\/nicolaswaquet.fr\/wp-content\/uploads\/2018\/05\/La-paix-de-lame.jpg 300w\" sizes=\"auto, (max-width: 194px) 100vw, 194px\" \/>Entretiens<\/i>, livre II<\/p>\n<p>Traduit du grec, pr\u00e9fac\u00e9 et annot\u00e9 par N. Waquet<\/p>\n<p>Payot &amp; Rivages, coll. \u00ab\u00a0Rivages poche \/ Petite Biblioth\u00e8que\u00a0\u00bb, n\u00b0 902, avril 2018, 176 p.<\/p>\n<p><small>ISBN\u00a0<span class=\"nowrap\">978-2-7436-4351-5<\/span><\/small><\/p>\n<p>S\u00e9lectionn\u00e9 lors de sa parution par Le Figaroscope dans sa rubrique Livres.<\/p>\n<p>&nbsp;<\/p>\n<p>&nbsp;<\/p>\n<p>&nbsp;<\/p>\n<p>&nbsp;<\/p>\n<p>&nbsp;<\/p>\n<p>&nbsp;<\/p>\n","protected":false},"excerpt":{"rendered":"<p>Entretiens, livre II Traduit du grec, pr\u00e9fac\u00e9 et annot\u00e9 par N. Waquet Payot &amp; Rivages, coll. \u00ab\u00a0Rivages poche \/ Petite [&hellip;]<\/p>\n","protected":false},"author":1,"featured_media":0,"parent":104,"menu_order":0,"comment_status":"closed","ping_status":"closed","template":"","meta":{"footnotes":""},"class_list":["post-577","page","type-page","status-publish","hentry"],"aioseo_notices":[],"_links":{"self":[{"href":"https:\/\/nicolaswaquet.fr\/index.php\/wp-json\/wp\/v2\/pages\/577","targetHints":{"allow":["GET"]}}],"collection":[{"href":"https:\/\/nicolaswaquet.fr\/index.php\/wp-json\/wp\/v2\/pages"}],"about":[{"href":"https:\/\/nicolaswaquet.fr\/index.php\/wp-json\/wp\/v2\/types\/page"}],"author":[{"embeddable":true,"href":"https:\/\/nicolaswaquet.fr\/index.php\/wp-json\/wp\/v2\/users\/1"}],"replies":[{"embeddable":true,"href":"https:\/\/nicolaswaquet.fr\/index.php\/wp-json\/wp\/v2\/comments?post=577"}],"version-history":[{"count":3,"href":"https:\/\/nicolaswaquet.fr\/index.php\/wp-json\/wp\/v2\/pages\/577\/revisions"}],"predecessor-version":[{"id":826,"href":"https:\/\/nicolaswaquet.fr\/index.php\/wp-json\/wp\/v2\/pages\/577\/revisions\/826"}],"up":[{"embeddable":true,"href":"https:\/\/nicolaswaquet.fr\/index.php\/wp-json\/wp\/v2\/pages\/104"}],"wp:attachment":[{"href":"https:\/\/nicolaswaquet.fr\/index.php\/wp-json\/wp\/v2\/media?parent=577"}],"curies":[{"name":"wp","href":"https:\/\/api.w.org\/{rel}","templated":true}]}}