{"id":365,"date":"2018-01-11T15:42:34","date_gmt":"2018-01-11T14:42:34","guid":{"rendered":"http:\/\/nicolaswaquet.fr\/?page_id=365"},"modified":"2022-12-06T10:01:04","modified_gmt":"2022-12-06T09:01:04","slug":"une-bibliotheque-ideale","status":"publish","type":"page","link":"https:\/\/nicolaswaquet.fr\/index.php\/latin\/traductions-de-lallemand\/une-bibliotheque-ideale\/","title":{"rendered":"Une biblioth\u00e8que id\u00e9ale"},"content":{"rendered":"<p><img loading=\"lazy\" decoding=\"async\" class=\"size-medium wp-image-493 alignleft\" src=\"http:\/\/nicolaswaquet.fr\/wp-content\/uploads\/2018\/01\/Waquet-Hesse-pette-biblio-1ere-187x300.gif\" alt=\"\" width=\"187\" height=\"300\" \/><\/p>\n<p>Traduit et pr\u00e9fac\u00e9 par N. Waquet<\/p>\n<p>Payot &amp; Rivages, coll. \u00ab\u00a0Biblioth\u00e8que Rivages\u00a0\u00bb, Paris, mars 2010, 124 p. R\u00e9-\u00e9dit\u00e9 en septembre 2012, n\u00b0 763.<\/p>\n<p><small>ISBN\u00a0<span class=\"nowrap\">978-2-7436-2085-1<\/span><\/small><\/p>\n<p>&nbsp;<\/p>\n<p>Article de Pierre Gelin-Monastier dans <a href=\"http:\/\/nicolaswaquet.fr\/wp-content\/uploads\/2022\/12\/Hesse-article.jpg\" target=\"_blank\" rel=\"noopener\">Les Lettres Fran\u00e7aises<\/a> (septembre 2022)<\/p>\n<p>Cet ouvrage a \u00e9t\u00e9 s\u00e9lectionn\u00e9 lors de sa r\u00e9-\u00e9dition par Le Figaroscope dans sa rubrique Livres.<\/p>\n<p>&nbsp;<\/p>\n<p>&nbsp;<\/p>\n<p>&nbsp;<\/p>\n<p>&nbsp;<\/p>\n<p>&nbsp;<\/p>\n<p>&nbsp;<\/p>\n","protected":false},"excerpt":{"rendered":"<p>Traduit et pr\u00e9fac\u00e9 par N. Waquet Payot &amp; Rivages, coll. \u00ab\u00a0Biblioth\u00e8que Rivages\u00a0\u00bb, Paris, mars 2010, 124 p. R\u00e9-\u00e9dit\u00e9 en septembre [&hellip;]<\/p>\n","protected":false},"author":1,"featured_media":0,"parent":102,"menu_order":0,"comment_status":"closed","ping_status":"closed","template":"","meta":{"footnotes":""},"class_list":["post-365","page","type-page","status-publish","hentry"],"aioseo_notices":[],"_links":{"self":[{"href":"https:\/\/nicolaswaquet.fr\/index.php\/wp-json\/wp\/v2\/pages\/365","targetHints":{"allow":["GET"]}}],"collection":[{"href":"https:\/\/nicolaswaquet.fr\/index.php\/wp-json\/wp\/v2\/pages"}],"about":[{"href":"https:\/\/nicolaswaquet.fr\/index.php\/wp-json\/wp\/v2\/types\/page"}],"author":[{"embeddable":true,"href":"https:\/\/nicolaswaquet.fr\/index.php\/wp-json\/wp\/v2\/users\/1"}],"replies":[{"embeddable":true,"href":"https:\/\/nicolaswaquet.fr\/index.php\/wp-json\/wp\/v2\/comments?post=365"}],"version-history":[{"count":10,"href":"https:\/\/nicolaswaquet.fr\/index.php\/wp-json\/wp\/v2\/pages\/365\/revisions"}],"predecessor-version":[{"id":962,"href":"https:\/\/nicolaswaquet.fr\/index.php\/wp-json\/wp\/v2\/pages\/365\/revisions\/962"}],"up":[{"embeddable":true,"href":"https:\/\/nicolaswaquet.fr\/index.php\/wp-json\/wp\/v2\/pages\/102"}],"wp:attachment":[{"href":"https:\/\/nicolaswaquet.fr\/index.php\/wp-json\/wp\/v2\/media?parent=365"}],"curies":[{"name":"wp","href":"https:\/\/api.w.org\/{rel}","templated":true}]}}