{"id":359,"date":"2018-01-11T15:37:38","date_gmt":"2018-01-11T14:37:38","guid":{"rendered":"http:\/\/nicolaswaquet.fr\/?page_id=359"},"modified":"2019-05-27T21:11:59","modified_gmt":"2019-05-27T19:11:59","slug":"de-la-guerre","status":"publish","type":"page","link":"https:\/\/nicolaswaquet.fr\/index.php\/latin\/traductions-de-lallemand\/de-la-guerre\/","title":{"rendered":"De la guerre"},"content":{"rendered":"<p><img loading=\"lazy\" decoding=\"async\" class=\"size-medium wp-image-486 alignleft\" src=\"http:\/\/nicolaswaquet.fr\/wp-content\/uploads\/2018\/01\/Waquet-Clausewitz-II-1ere-194x300.jpg\" alt=\"\" width=\"194\" height=\"300\" srcset=\"https:\/\/nicolaswaquet.fr\/wp-content\/uploads\/2018\/01\/Waquet-Clausewitz-II-1ere-194x300.jpg 194w, https:\/\/nicolaswaquet.fr\/wp-content\/uploads\/2018\/01\/Waquet-Clausewitz-II-1ere.jpg 322w\" sizes=\"auto, (max-width: 194px) 100vw, 194px\" \/>Traduit et pr\u00e9sent\u00e9 par N. Waquet<\/p>\n<p>Pr\u00e9face revue en 2014 pour les classes pr\u00e9paratoires.<\/p>\n<p>Payot &amp; Rivages, coll. \u00ab\u00a0Rivage poche \/ Petite Biblioth\u00e8que\u00a0\u00bb, n\u00b0 530, Paris, avril 2006, 364 p. R\u00e9-\u00e9dit\u00e9 avec la mention \u00ab\u00a0pr\u00e9pas scientifiques 2015\u00a0\u00bb.<\/p>\n<p><small>ISBN\u00a0<span class=\"nowrap\">2743615168<\/span><\/small><\/p>\n<p><span class=\"reference-text\">Ouvrage du programme \u201cFran\u00e7ais-Philosophie\u201d des Classes Pr\u00e9paratoires aux Grandes \u00c9coles Scientifiques<\/span> en <a href=\"http:\/\/www.education.gouv.fr\/pid285\/bulletin_officiel.html?cid_bo=79955\" target=\"_blank\" rel=\"noopener\">2014-2015<\/a> et <a href=\"http:\/\/www.education.gouv.fr\/pid25535\/bulletin_officiel.html?cid_bo=89144\" target=\"_blank\" rel=\"noopener\">2015-2016<\/a>.<\/p>\n<p>&nbsp;<\/p>\n<p>&nbsp;<\/p>\n<p>&nbsp;<\/p>\n<p>&nbsp;<\/p>\n<p>&nbsp;<\/p>\n","protected":false},"excerpt":{"rendered":"<p>Traduit et pr\u00e9sent\u00e9 par N. Waquet Pr\u00e9face revue en 2014 pour les classes pr\u00e9paratoires. Payot &amp; Rivages, coll. \u00ab\u00a0Rivage poche [&hellip;]<\/p>\n","protected":false},"author":1,"featured_media":0,"parent":102,"menu_order":0,"comment_status":"closed","ping_status":"closed","template":"","meta":{"footnotes":""},"class_list":["post-359","page","type-page","status-publish","hentry"],"aioseo_notices":[],"_links":{"self":[{"href":"https:\/\/nicolaswaquet.fr\/index.php\/wp-json\/wp\/v2\/pages\/359","targetHints":{"allow":["GET"]}}],"collection":[{"href":"https:\/\/nicolaswaquet.fr\/index.php\/wp-json\/wp\/v2\/pages"}],"about":[{"href":"https:\/\/nicolaswaquet.fr\/index.php\/wp-json\/wp\/v2\/types\/page"}],"author":[{"embeddable":true,"href":"https:\/\/nicolaswaquet.fr\/index.php\/wp-json\/wp\/v2\/users\/1"}],"replies":[{"embeddable":true,"href":"https:\/\/nicolaswaquet.fr\/index.php\/wp-json\/wp\/v2\/comments?post=359"}],"version-history":[{"count":7,"href":"https:\/\/nicolaswaquet.fr\/index.php\/wp-json\/wp\/v2\/pages\/359\/revisions"}],"predecessor-version":[{"id":708,"href":"https:\/\/nicolaswaquet.fr\/index.php\/wp-json\/wp\/v2\/pages\/359\/revisions\/708"}],"up":[{"embeddable":true,"href":"https:\/\/nicolaswaquet.fr\/index.php\/wp-json\/wp\/v2\/pages\/102"}],"wp:attachment":[{"href":"https:\/\/nicolaswaquet.fr\/index.php\/wp-json\/wp\/v2\/media?parent=359"}],"curies":[{"name":"wp","href":"https:\/\/api.w.org\/{rel}","templated":true}]}}