{"id":357,"date":"2018-01-11T15:36:15","date_gmt":"2018-01-11T14:36:15","guid":{"rendered":"http:\/\/nicolaswaquet.fr\/?page_id=357"},"modified":"2024-06-11T19:45:13","modified_gmt":"2024-06-11T17:45:13","slug":"poemes-fluviaux","status":"publish","type":"page","link":"https:\/\/nicolaswaquet.fr\/index.php\/latin\/traductions-de-lallemand\/poemes-fluviaux\/","title":{"rendered":"Po\u00e8mes fluviaux"},"content":{"rendered":"<div class=\"wp-block-image\">\n<figure class=\"alignleft\"><img loading=\"lazy\" decoding=\"async\" width=\"196\" height=\"300\" src=\"http:\/\/nicolaswaquet.fr\/wp-content\/uploads\/2018\/01\/Waquet-Poemes-fluviaux-1ere-196x300.jpg\" alt=\"\" class=\"wp-image-511\" srcset=\"https:\/\/nicolaswaquet.fr\/wp-content\/uploads\/2018\/01\/Waquet-Poemes-fluviaux-1ere-196x300.jpg 196w, https:\/\/nicolaswaquet.fr\/wp-content\/uploads\/2018\/01\/Waquet-Poemes-fluviaux-1ere.jpg 311w\" sizes=\"auto, (max-width: 196px) 100vw, 196px\" \/><\/figure><\/div>\n\n\n<p>Anthologie traduite, annot\u00e9e et pr\u00e9sent\u00e9e par N. Waquet<\/p>\n\n\n\n<p>\u00c9ditions Laurence Teper, Paris, 2004, 171 p.<\/p>\n\n\n\n<p><small>ISBN&nbsp;<span class=\"nowrap\">2-9520442-5-2<\/span><\/small><\/p>\n\n\n\n<p>Traduction cit\u00e9e en r\u00e9f\u00e9rence dans l&rsquo;article d&rsquo;Eric Baude, sur <a href=\"http:\/\/www.danube-culture.org\/holderlin-et-lister\/\" target=\"_blank\" rel=\"noopener\" title=\"\">Danude-culture.org<\/a> (mai 2024), livre du mois dans <a href=\"http:\/\/nicolaswaquet.fr\/wp-content\/uploads\/2020\/10\/Nicolas-Masson-Poemesfluviaux-Mag-Litt_2004-10.jpg\" target=\"_blank\" rel=\"noopener\">Le Magazine Litt\u00e9raire<\/a> n\u00b0 435 dat\u00e9 octobre 2004, article sur H\u00f6lderlin dans <a href=\"http:\/\/nicolaswaquet.fr\/wp-content\/uploads\/2019\/09\/Nicolas-LeMondedeslivres-Holderlin-OdesFluviales_2004-12-17.jpg\" target=\"_blank\" rel=\"noopener\">Le Monde<\/a> dat\u00e9 du 17 d\u00e9cembre 2004.<\/p>\n","protected":false},"excerpt":{"rendered":"<p>Anthologie traduite, annot\u00e9e et pr\u00e9sent\u00e9e par N. Waquet \u00c9ditions Laurence Teper, Paris, 2004, 171 p. ISBN&nbsp;2-9520442-5-2 Traduction cit\u00e9e en r\u00e9f\u00e9rence [&hellip;]<\/p>\n","protected":false},"author":1,"featured_media":0,"parent":102,"menu_order":0,"comment_status":"closed","ping_status":"closed","template":"","meta":{"footnotes":""},"class_list":["post-357","page","type-page","status-publish","hentry"],"aioseo_notices":[],"_links":{"self":[{"href":"https:\/\/nicolaswaquet.fr\/index.php\/wp-json\/wp\/v2\/pages\/357","targetHints":{"allow":["GET"]}}],"collection":[{"href":"https:\/\/nicolaswaquet.fr\/index.php\/wp-json\/wp\/v2\/pages"}],"about":[{"href":"https:\/\/nicolaswaquet.fr\/index.php\/wp-json\/wp\/v2\/types\/page"}],"author":[{"embeddable":true,"href":"https:\/\/nicolaswaquet.fr\/index.php\/wp-json\/wp\/v2\/users\/1"}],"replies":[{"embeddable":true,"href":"https:\/\/nicolaswaquet.fr\/index.php\/wp-json\/wp\/v2\/comments?post=357"}],"version-history":[{"count":9,"href":"https:\/\/nicolaswaquet.fr\/index.php\/wp-json\/wp\/v2\/pages\/357\/revisions"}],"predecessor-version":[{"id":1044,"href":"https:\/\/nicolaswaquet.fr\/index.php\/wp-json\/wp\/v2\/pages\/357\/revisions\/1044"}],"up":[{"embeddable":true,"href":"https:\/\/nicolaswaquet.fr\/index.php\/wp-json\/wp\/v2\/pages\/102"}],"wp:attachment":[{"href":"https:\/\/nicolaswaquet.fr\/index.php\/wp-json\/wp\/v2\/media?parent=357"}],"curies":[{"name":"wp","href":"https:\/\/api.w.org\/{rel}","templated":true}]}}