{"id":333,"date":"2018-01-11T15:17:11","date_gmt":"2018-01-11T14:17:11","guid":{"rendered":"http:\/\/nicolaswaquet.fr\/?page_id=333"},"modified":"2020-10-05T15:41:28","modified_gmt":"2020-10-05T13:41:28","slug":"commentresterenbonnesante","status":"publish","type":"page","link":"https:\/\/nicolaswaquet.fr\/index.php\/latin\/traductions-du-grec\/commentresterenbonnesante\/","title":{"rendered":"Comment rester en bonne sant\u00e9"},"content":{"rendered":"<p><img loading=\"lazy\" decoding=\"async\" class=\"size-medium wp-image-498 alignleft\" src=\"http:\/\/nicolaswaquet.fr\/wp-content\/uploads\/2018\/01\/Waquet-Plutarque-sante\u0301-1ere-195x300.gif\" alt=\"\" width=\"195\" height=\"300\" \/>Traduit du grec, pr\u00e9fac\u00e9 et annot\u00e9 par N. Waquet<\/p>\n<p>Payot &amp; Rivages, coll. \u00ab\u00a0Biblioth\u00e8que Rivages\u00a0\u00bb, n\u00b0 876, Paris, novembre 2016, 108 p.<\/p>\n<p><small>ISBN\u00a0<span class=\"nowrap\">978-2-7436-3792-7<\/span><\/small><\/p>\n<p>Cet ouvrage a \u00e9t\u00e9 s\u00e9lectionn\u00e9 lors de sa parution par Le Figaroscope dans sa rubrique Livres.<\/p>\n<p>Cette traduction a \u00e9t\u00e9 retenue par l&rsquo;\u00e9diteur mexicain de la \u00ab\u00a0Revue de Psychanalyse\u00a0\u00bb Me cay\u00f3 el veinte. L&rsquo;ouvrage est paru en espagnol dans la collection \u00ab\u00a0Textos de\u00a0\u00bb sous le titre <a href=\"http:\/\/www.mecayoelveinte.com\/8807\/como-mantenerse-sano-plutarco\" target=\"_blank\" rel=\"noopener\"><em>Como mantenerse sano<\/em><\/a> (parution : 12\/2018 &#8211; 100p. &#8211; ISBN : 9786077694373), en accompagnement du n\u00b0 38 de la Revue.<\/p>\n<p>&nbsp;<\/p>\n<p>&nbsp;<\/p>\n<p>&nbsp;<\/p>\n<p>&nbsp;<\/p>\n<p>&nbsp;<\/p>\n","protected":false},"excerpt":{"rendered":"<p>Traduit du grec, pr\u00e9fac\u00e9 et annot\u00e9 par N. Waquet Payot &amp; Rivages, coll. \u00ab\u00a0Biblioth\u00e8que Rivages\u00a0\u00bb, n\u00b0 876, Paris, novembre 2016, [&hellip;]<\/p>\n","protected":false},"author":1,"featured_media":0,"parent":104,"menu_order":0,"comment_status":"closed","ping_status":"closed","template":"","meta":{"footnotes":""},"class_list":["post-333","page","type-page","status-publish","hentry"],"aioseo_notices":[],"_links":{"self":[{"href":"https:\/\/nicolaswaquet.fr\/index.php\/wp-json\/wp\/v2\/pages\/333","targetHints":{"allow":["GET"]}}],"collection":[{"href":"https:\/\/nicolaswaquet.fr\/index.php\/wp-json\/wp\/v2\/pages"}],"about":[{"href":"https:\/\/nicolaswaquet.fr\/index.php\/wp-json\/wp\/v2\/types\/page"}],"author":[{"embeddable":true,"href":"https:\/\/nicolaswaquet.fr\/index.php\/wp-json\/wp\/v2\/users\/1"}],"replies":[{"embeddable":true,"href":"https:\/\/nicolaswaquet.fr\/index.php\/wp-json\/wp\/v2\/comments?post=333"}],"version-history":[{"count":12,"href":"https:\/\/nicolaswaquet.fr\/index.php\/wp-json\/wp\/v2\/pages\/333\/revisions"}],"predecessor-version":[{"id":827,"href":"https:\/\/nicolaswaquet.fr\/index.php\/wp-json\/wp\/v2\/pages\/333\/revisions\/827"}],"up":[{"embeddable":true,"href":"https:\/\/nicolaswaquet.fr\/index.php\/wp-json\/wp\/v2\/pages\/104"}],"wp:attachment":[{"href":"https:\/\/nicolaswaquet.fr\/index.php\/wp-json\/wp\/v2\/media?parent=333"}],"curies":[{"name":"wp","href":"https:\/\/api.w.org\/{rel}","templated":true}]}}