{"id":322,"date":"2018-01-11T15:10:38","date_gmt":"2018-01-11T14:10:38","guid":{"rendered":"http:\/\/nicolaswaquet.fr\/?page_id=322"},"modified":"2019-05-27T20:57:47","modified_gmt":"2019-05-27T18:57:47","slug":"cequeprometlaphilosophie","status":"publish","type":"page","link":"https:\/\/nicolaswaquet.fr\/index.php\/latin\/traductions-du-grec\/cequeprometlaphilosophie\/","title":{"rendered":"Ce que promet la Philosophie"},"content":{"rendered":"<p><i><img loading=\"lazy\" decoding=\"async\" class=\"size-medium wp-image-487 alignleft\" src=\"http:\/\/nicolaswaquet.fr\/wp-content\/uploads\/2018\/01\/Waquet-Epictete-1ere-191x300.jpg\" alt=\"\" width=\"191\" height=\"300\" srcset=\"https:\/\/nicolaswaquet.fr\/wp-content\/uploads\/2018\/01\/Waquet-Epictete-1ere-191x300.jpg 191w, https:\/\/nicolaswaquet.fr\/wp-content\/uploads\/2018\/01\/Waquet-Epictete-1ere.jpg 300w\" sizes=\"auto, (max-width: 191px) 100vw, 191px\" \/><\/i><i>Entretiens<\/i>, livre I<\/p>\n<p>Traduit du grec, pr\u00e9fac\u00e9 et annot\u00e9 par N. Waquet<\/p>\n<p>Payot &amp; Rivages, coll. \u00ab\u00a0Rivages poche \/ Petite Biblioth\u00e8que\u00a0\u00bb, n\u00b0 735, Paris, janvier 2012, 176 p.<\/p>\n<p><small>ISBN\u00a0<span class=\"nowrap\">978-2-7436-2306-7<\/span><\/small><\/p>\n<p>Intervention de N. Waquet dans l\u2019\u00e9mission Le journal de la philosophie de Fran\u00e7ois Noudelmann sur <a href=\"https:\/\/www.franceculture.fr\/emissions\/le-journal-de-la-philosophie\/epictete-ce-que-promet-la-philosophie\" target=\"_blank\" rel=\"noopener\">France Culture<\/a>, le 15 f\u00e9vrier 2012.<\/p>\n<p>&nbsp;<\/p>\n<p>&nbsp;<\/p>\n<p>&nbsp;<\/p>\n<p>&nbsp;<\/p>\n<p>&nbsp;<\/p>\n","protected":false},"excerpt":{"rendered":"<p>Entretiens, livre I Traduit du grec, pr\u00e9fac\u00e9 et annot\u00e9 par N. Waquet Payot &amp; Rivages, coll. \u00ab\u00a0Rivages poche \/ Petite [&hellip;]<\/p>\n","protected":false},"author":1,"featured_media":0,"parent":104,"menu_order":0,"comment_status":"closed","ping_status":"closed","template":"","meta":{"footnotes":""},"class_list":["post-322","page","type-page","status-publish","hentry"],"aioseo_notices":[],"_links":{"self":[{"href":"https:\/\/nicolaswaquet.fr\/index.php\/wp-json\/wp\/v2\/pages\/322","targetHints":{"allow":["GET"]}}],"collection":[{"href":"https:\/\/nicolaswaquet.fr\/index.php\/wp-json\/wp\/v2\/pages"}],"about":[{"href":"https:\/\/nicolaswaquet.fr\/index.php\/wp-json\/wp\/v2\/types\/page"}],"author":[{"embeddable":true,"href":"https:\/\/nicolaswaquet.fr\/index.php\/wp-json\/wp\/v2\/users\/1"}],"replies":[{"embeddable":true,"href":"https:\/\/nicolaswaquet.fr\/index.php\/wp-json\/wp\/v2\/comments?post=322"}],"version-history":[{"count":8,"href":"https:\/\/nicolaswaquet.fr\/index.php\/wp-json\/wp\/v2\/pages\/322\/revisions"}],"predecessor-version":[{"id":692,"href":"https:\/\/nicolaswaquet.fr\/index.php\/wp-json\/wp\/v2\/pages\/322\/revisions\/692"}],"up":[{"embeddable":true,"href":"https:\/\/nicolaswaquet.fr\/index.php\/wp-json\/wp\/v2\/pages\/104"}],"wp:attachment":[{"href":"https:\/\/nicolaswaquet.fr\/index.php\/wp-json\/wp\/v2\/media?parent=322"}],"curies":[{"name":"wp","href":"https:\/\/api.w.org\/{rel}","templated":true}]}}