{"id":318,"date":"2018-01-11T15:06:28","date_gmt":"2018-01-11T14:06:28","guid":{"rendered":"http:\/\/nicolaswaquet.fr\/?page_id=318"},"modified":"2018-09-24T18:58:58","modified_gmt":"2018-09-24T16:58:58","slug":"caracteres","status":"publish","type":"page","link":"https:\/\/nicolaswaquet.fr\/index.php\/latin\/traductions-du-grec\/caracteres\/","title":{"rendered":"Caract\u00e8res"},"content":{"rendered":"<p><img loading=\"lazy\" decoding=\"async\" class=\"size-medium wp-image-516 alignleft\" src=\"http:\/\/nicolaswaquet.fr\/wp-content\/uploads\/2018\/01\/Waquet-Theophraste-1ere-204x300.jpg\" alt=\"\" width=\"204\" height=\"300\" srcset=\"https:\/\/nicolaswaquet.fr\/wp-content\/uploads\/2018\/01\/Waquet-Theophraste-1ere-204x300.jpg 204w, https:\/\/nicolaswaquet.fr\/wp-content\/uploads\/2018\/01\/Waquet-Theophraste-1ere.jpg 544w\" sizes=\"auto, (max-width: 204px) 100vw, 204px\" \/><\/p>\n<p>Traduit du grec, pr\u00e9fac\u00e9 et annot\u00e9 par N. Waquet<\/p>\n<p>Payot &amp; Rivages, coll. \u00ab\u00a0Rivages poche \/ Petite Biblioth\u00e8que\u00a0\u00bb, n\u00b0 688, Paris, septembre 2010, 112 p.<\/p>\n<p><small>ISBN\u00a0<span class=\"nowrap\">978-2-7436-2138-4<\/span><\/small><\/p>\n<p>&nbsp;<\/p>\n<p>&nbsp;<\/p>\n<p>&nbsp;<\/p>\n<p>&nbsp;<\/p>\n<p>&nbsp;<\/p>\n<p>&nbsp;<\/p>\n<p>&nbsp;<\/p>\n","protected":false},"excerpt":{"rendered":"<p>Traduit du grec, pr\u00e9fac\u00e9 et annot\u00e9 par N. Waquet Payot &amp; Rivages, coll. \u00ab\u00a0Rivages poche \/ Petite Biblioth\u00e8que\u00a0\u00bb, n\u00b0 688, [&hellip;]<\/p>\n","protected":false},"author":1,"featured_media":0,"parent":104,"menu_order":0,"comment_status":"closed","ping_status":"closed","template":"","meta":{"footnotes":""},"class_list":["post-318","page","type-page","status-publish","hentry"],"aioseo_notices":[],"_links":{"self":[{"href":"https:\/\/nicolaswaquet.fr\/index.php\/wp-json\/wp\/v2\/pages\/318","targetHints":{"allow":["GET"]}}],"collection":[{"href":"https:\/\/nicolaswaquet.fr\/index.php\/wp-json\/wp\/v2\/pages"}],"about":[{"href":"https:\/\/nicolaswaquet.fr\/index.php\/wp-json\/wp\/v2\/types\/page"}],"author":[{"embeddable":true,"href":"https:\/\/nicolaswaquet.fr\/index.php\/wp-json\/wp\/v2\/users\/1"}],"replies":[{"embeddable":true,"href":"https:\/\/nicolaswaquet.fr\/index.php\/wp-json\/wp\/v2\/comments?post=318"}],"version-history":[{"count":6,"href":"https:\/\/nicolaswaquet.fr\/index.php\/wp-json\/wp\/v2\/pages\/318\/revisions"}],"predecessor-version":[{"id":600,"href":"https:\/\/nicolaswaquet.fr\/index.php\/wp-json\/wp\/v2\/pages\/318\/revisions\/600"}],"up":[{"embeddable":true,"href":"https:\/\/nicolaswaquet.fr\/index.php\/wp-json\/wp\/v2\/pages\/104"}],"wp:attachment":[{"href":"https:\/\/nicolaswaquet.fr\/index.php\/wp-json\/wp\/v2\/media?parent=318"}],"curies":[{"name":"wp","href":"https:\/\/api.w.org\/{rel}","templated":true}]}}