{"id":314,"date":"2018-01-11T15:02:36","date_gmt":"2018-01-11T14:02:36","guid":{"rendered":"http:\/\/nicolaswaquet.fr\/?page_id=314"},"modified":"2018-09-24T18:53:53","modified_gmt":"2018-09-24T16:53:53","slug":"sur-le-deuil","status":"publish","type":"page","link":"https:\/\/nicolaswaquet.fr\/index.php\/latin\/traductions-du-grec\/sur-le-deuil\/","title":{"rendered":"Sur le deuil"},"content":{"rendered":"<p><img loading=\"lazy\" decoding=\"async\" class=\"size-medium wp-image-494 alignleft\" src=\"http:\/\/nicolaswaquet.fr\/wp-content\/uploads\/2018\/01\/Waquet-Lucien-1ere-186x300.jpg\" alt=\"\" width=\"186\" height=\"300\" srcset=\"https:\/\/nicolaswaquet.fr\/wp-content\/uploads\/2018\/01\/Waquet-Lucien-1ere-186x300.jpg 186w, https:\/\/nicolaswaquet.fr\/wp-content\/uploads\/2018\/01\/Waquet-Lucien-1ere.jpg 309w\" sizes=\"auto, (max-width: 186px) 100vw, 186px\" \/><\/p>\n<p>Traduit du grec, pr\u00e9fac\u00e9 et annot\u00e9 par N. Waquet<\/p>\n<p>Payot &amp; Rivages, coll. \u00ab\u00a0Rivages poche \/ Petite Biblioth\u00e8que\u00a0\u00bb, n\u00b0 619, Paris, septembre 2008, 64p.<\/p>\n<p><small>ISBN\u00a0<span class=\"nowrap\">978-2-7436-1859-9<\/span><\/small><\/p>\n<p>&nbsp;<\/p>\n<p>&nbsp;<\/p>\n<p>&nbsp;<\/p>\n<p>&nbsp;<\/p>\n<p>&nbsp;<\/p>\n<p>&nbsp;<\/p>\n<p>&nbsp;<\/p>\n","protected":false},"excerpt":{"rendered":"<p>Traduit du grec, pr\u00e9fac\u00e9 et annot\u00e9 par N. Waquet Payot &amp; Rivages, coll. \u00ab\u00a0Rivages poche \/ Petite Biblioth\u00e8que\u00a0\u00bb, n\u00b0 619, [&hellip;]<\/p>\n","protected":false},"author":1,"featured_media":0,"parent":104,"menu_order":0,"comment_status":"closed","ping_status":"closed","template":"","meta":{"footnotes":""},"class_list":["post-314","page","type-page","status-publish","hentry"],"aioseo_notices":[],"_links":{"self":[{"href":"https:\/\/nicolaswaquet.fr\/index.php\/wp-json\/wp\/v2\/pages\/314","targetHints":{"allow":["GET"]}}],"collection":[{"href":"https:\/\/nicolaswaquet.fr\/index.php\/wp-json\/wp\/v2\/pages"}],"about":[{"href":"https:\/\/nicolaswaquet.fr\/index.php\/wp-json\/wp\/v2\/types\/page"}],"author":[{"embeddable":true,"href":"https:\/\/nicolaswaquet.fr\/index.php\/wp-json\/wp\/v2\/users\/1"}],"replies":[{"embeddable":true,"href":"https:\/\/nicolaswaquet.fr\/index.php\/wp-json\/wp\/v2\/comments?post=314"}],"version-history":[{"count":5,"href":"https:\/\/nicolaswaquet.fr\/index.php\/wp-json\/wp\/v2\/pages\/314\/revisions"}],"predecessor-version":[{"id":595,"href":"https:\/\/nicolaswaquet.fr\/index.php\/wp-json\/wp\/v2\/pages\/314\/revisions\/595"}],"up":[{"embeddable":true,"href":"https:\/\/nicolaswaquet.fr\/index.php\/wp-json\/wp\/v2\/pages\/104"}],"wp:attachment":[{"href":"https:\/\/nicolaswaquet.fr\/index.php\/wp-json\/wp\/v2\/media?parent=314"}],"curies":[{"name":"wp","href":"https:\/\/api.w.org\/{rel}","templated":true}]}}