{"id":233,"date":"2018-01-11T13:27:49","date_gmt":"2018-01-11T12:27:49","guid":{"rendered":"http:\/\/nicolaswaquet.fr\/?page_id=233"},"modified":"2019-05-29T11:58:51","modified_gmt":"2019-05-29T09:58:51","slug":"de-la-colere","status":"publish","type":"page","link":"https:\/\/nicolaswaquet.fr\/index.php\/latin\/traductions-du-latin\/de-la-colere\/","title":{"rendered":"De la col\u00e8re"},"content":{"rendered":"<p><img loading=\"lazy\" decoding=\"async\" class=\"size-medium wp-image-523 alignleft\" src=\"http:\/\/nicolaswaquet.fr\/wp-content\/uploads\/2018\/01\/Waquet-Seneque-1ere-196x300.jpg\" alt=\"\" width=\"196\" height=\"300\" srcset=\"https:\/\/nicolaswaquet.fr\/wp-content\/uploads\/2018\/01\/Waquet-Seneque-1ere-196x300.jpg 196w, https:\/\/nicolaswaquet.fr\/wp-content\/uploads\/2018\/01\/Waquet-Seneque-1ere-768x1178.jpg 768w, https:\/\/nicolaswaquet.fr\/wp-content\/uploads\/2018\/01\/Waquet-Seneque-1ere-668x1024.jpg 668w, https:\/\/nicolaswaquet.fr\/wp-content\/uploads\/2018\/01\/Waquet-Seneque-1ere.jpg 1000w\" sizes=\"auto, (max-width: 196px) 100vw, 196px\" \/><\/p>\n<p>Traduit du latin, pr\u00e9fac\u00e9 et annot\u00e9 par N. Waquet<\/p>\n<p>Payot &amp; Rivages, coll. \u00ab\u00a0Rivages poche \/ Petite Biblioth\u00e8que\u00a0\u00bb, n\u00b0 814, Paris, juin 2014, 187 p.<\/p>\n<p><small>ISBN\u00a0<span class=\"nowrap\">978-2-7436-2830-7<\/span><\/small><\/p>\n<p>Cet ouvrage est l\u2019essai du jour, pour la rubrique \u201cEssai et revue du jour\u201d de Jacques Munier, sur <a href=\"https:\/\/www.franceculture.fr\/emissions\/lessai-et-la-revue-du-jour-14-15\/de-la-colere-revue-pulp\" target=\"_blank\" rel=\"noopener\">France Culture<\/a>, le 27 juin 2014.<\/p>\n<p>&nbsp;<\/p>\n<p>&nbsp;<\/p>\n<p>&nbsp;<\/p>\n<p>&nbsp;<\/p>\n","protected":false},"excerpt":{"rendered":"<p>Traduit du latin, pr\u00e9fac\u00e9 et annot\u00e9 par N. Waquet Payot &amp; Rivages, coll. \u00ab\u00a0Rivages poche \/ Petite Biblioth\u00e8que\u00a0\u00bb, n\u00b0 814, [&hellip;]<\/p>\n","protected":false},"author":1,"featured_media":0,"parent":106,"menu_order":0,"comment_status":"closed","ping_status":"closed","template":"","meta":{"footnotes":""},"class_list":["post-233","page","type-page","status-publish","hentry"],"aioseo_notices":[],"_links":{"self":[{"href":"https:\/\/nicolaswaquet.fr\/index.php\/wp-json\/wp\/v2\/pages\/233","targetHints":{"allow":["GET"]}}],"collection":[{"href":"https:\/\/nicolaswaquet.fr\/index.php\/wp-json\/wp\/v2\/pages"}],"about":[{"href":"https:\/\/nicolaswaquet.fr\/index.php\/wp-json\/wp\/v2\/types\/page"}],"author":[{"embeddable":true,"href":"https:\/\/nicolaswaquet.fr\/index.php\/wp-json\/wp\/v2\/users\/1"}],"replies":[{"embeddable":true,"href":"https:\/\/nicolaswaquet.fr\/index.php\/wp-json\/wp\/v2\/comments?post=233"}],"version-history":[{"count":9,"href":"https:\/\/nicolaswaquet.fr\/index.php\/wp-json\/wp\/v2\/pages\/233\/revisions"}],"predecessor-version":[{"id":714,"href":"https:\/\/nicolaswaquet.fr\/index.php\/wp-json\/wp\/v2\/pages\/233\/revisions\/714"}],"up":[{"embeddable":true,"href":"https:\/\/nicolaswaquet.fr\/index.php\/wp-json\/wp\/v2\/pages\/106"}],"wp:attachment":[{"href":"https:\/\/nicolaswaquet.fr\/index.php\/wp-json\/wp\/v2\/media?parent=233"}],"curies":[{"name":"wp","href":"https:\/\/api.w.org\/{rel}","templated":true}]}}