{"id":227,"date":"2018-01-11T13:24:20","date_gmt":"2018-01-11T12:24:20","guid":{"rendered":"http:\/\/nicolaswaquet.fr\/?page_id=227"},"modified":"2021-09-22T13:27:11","modified_gmt":"2021-09-22T11:27:11","slug":"eloge-de-la-negligence","status":"publish","type":"page","link":"https:\/\/nicolaswaquet.fr\/index.php\/latin\/traductions-du-latin\/eloge-de-la-negligence\/","title":{"rendered":"Eloge de la n\u00e9gligence"},"content":{"rendered":"<p><img loading=\"lazy\" decoding=\"async\" class=\"size-medium wp-image-490 alignleft\" src=\"http:\/\/nicolaswaquet.fr\/wp-content\/uploads\/2018\/01\/Waquet-Fronton-1ere-195x300.jpg\" alt=\"\" width=\"195\" height=\"300\" srcset=\"https:\/\/nicolaswaquet.fr\/wp-content\/uploads\/2018\/01\/Waquet-Fronton-1ere-195x300.jpg 195w, https:\/\/nicolaswaquet.fr\/wp-content\/uploads\/2018\/01\/Waquet-Fronton-1ere.jpg 324w\" sizes=\"auto, (max-width: 195px) 100vw, 195px\" \/><\/p>\n<p>Traduit du grec et du latin, pr\u00e9fac\u00e9 et annot\u00e9 par N. Waquet<\/p>\n<p>Payot &amp; Rivages, coll. \u00ab\u00a0Rivages Poche \/ Petite Biblioth\u00e8que\u00a0\u00bb, n\u00b0 588, Paris, octobre 2007, 136 p.<\/p>\n<p><small>ISBN\u00a0<span class=\"nowrap\">978-2-7436-1729-5<\/span><\/small><\/p>\n<p>&nbsp;<\/p>\n<p>Article de Roger-Pol Droit dans <a href=\"http:\/\/www.lemonde.fr\/livres\/article\/2007\/11\/29\/un-eloge-peut-en-cacher-un-autre_983794_3260.html\" target=\"_blank\" rel=\"noopener\">Le Monde des Livres<\/a>, le 29 novembre 2007.<\/p>\n<p>Recension parue dans <a href=\"https:\/\/www.philomag.com\/livres\/eloge-de-la-negligence-et-autres-textes\" target=\"_blank\" rel=\"noopener\">Philosophie Magazine<\/a> du 21 septembre 2012.<\/p>\n<p>&nbsp;<\/p>\n<p>&nbsp;<\/p>\n<p>&nbsp;<\/p>\n<p>&nbsp;<\/p>\n","protected":false},"excerpt":{"rendered":"<p>Traduit du grec et du latin, pr\u00e9fac\u00e9 et annot\u00e9 par N. Waquet Payot &amp; Rivages, coll. \u00ab\u00a0Rivages Poche \/ Petite [&hellip;]<\/p>\n","protected":false},"author":1,"featured_media":0,"parent":106,"menu_order":0,"comment_status":"closed","ping_status":"closed","template":"","meta":{"footnotes":""},"class_list":["post-227","page","type-page","status-publish","hentry"],"aioseo_notices":[],"_links":{"self":[{"href":"https:\/\/nicolaswaquet.fr\/index.php\/wp-json\/wp\/v2\/pages\/227","targetHints":{"allow":["GET"]}}],"collection":[{"href":"https:\/\/nicolaswaquet.fr\/index.php\/wp-json\/wp\/v2\/pages"}],"about":[{"href":"https:\/\/nicolaswaquet.fr\/index.php\/wp-json\/wp\/v2\/types\/page"}],"author":[{"embeddable":true,"href":"https:\/\/nicolaswaquet.fr\/index.php\/wp-json\/wp\/v2\/users\/1"}],"replies":[{"embeddable":true,"href":"https:\/\/nicolaswaquet.fr\/index.php\/wp-json\/wp\/v2\/comments?post=227"}],"version-history":[{"count":11,"href":"https:\/\/nicolaswaquet.fr\/index.php\/wp-json\/wp\/v2\/pages\/227\/revisions"}],"predecessor-version":[{"id":891,"href":"https:\/\/nicolaswaquet.fr\/index.php\/wp-json\/wp\/v2\/pages\/227\/revisions\/891"}],"up":[{"embeddable":true,"href":"https:\/\/nicolaswaquet.fr\/index.php\/wp-json\/wp\/v2\/pages\/106"}],"wp:attachment":[{"href":"https:\/\/nicolaswaquet.fr\/index.php\/wp-json\/wp\/v2\/media?parent=227"}],"curies":[{"name":"wp","href":"https:\/\/api.w.org\/{rel}","templated":true}]}}