{"id":161,"date":"2018-01-11T13:00:33","date_gmt":"2018-01-11T12:00:33","guid":{"rendered":"http:\/\/nicolaswaquet.fr\/?page_id=161"},"modified":"2022-05-30T16:41:39","modified_gmt":"2022-05-30T14:41:39","slug":"les-emotions-des-animaux","status":"publish","type":"page","link":"https:\/\/nicolaswaquet.fr\/index.php\/latin\/traduction-de-langlais\/les-emotions-des-animaux\/","title":{"rendered":"Les \u00e9motions des animaux"},"content":{"rendered":"<p><img loading=\"lazy\" decoding=\"async\" class=\"size-medium wp-image-482 alignleft\" src=\"http:\/\/nicolaswaquet.fr\/wp-content\/uploads\/2018\/01\/Waquet-Bekoff-1ere-195x300.jpg\" alt=\"\" width=\"195\" height=\"300\" srcset=\"https:\/\/nicolaswaquet.fr\/wp-content\/uploads\/2018\/01\/Waquet-Bekoff-1ere-195x300.jpg 195w, https:\/\/nicolaswaquet.fr\/wp-content\/uploads\/2018\/01\/Waquet-Bekoff-1ere-667x1024.jpg 667w, https:\/\/nicolaswaquet.fr\/wp-content\/uploads\/2018\/01\/Waquet-Bekoff-1ere.jpg 684w\" sizes=\"auto, (max-width: 195px) 100vw, 195px\" \/><\/p>\n<p>Traduit de l&rsquo;anglais par N. Waquet<\/p>\n<p>Payot &amp; Rivages, coll. \u00ab\u00a0Manuels Payot\u00a0\u00bb, n\u00b0773, Paris, 2009, 312 p. R\u00e9-\u00e9dit\u00e9 en f\u00e9vrier 2018.<\/p>\n<p><small>ISBN\u00a0<span class=\"nowrap\">978-2-228-90401-8<\/span><\/small><\/p>\n<p>&nbsp;<\/p>\n<p>&nbsp;<\/p>\n<p>&nbsp;<\/p>\n<p>&nbsp;<\/p>\n<p>&nbsp;<\/p>\n<p>&nbsp;<\/p>\n","protected":false},"excerpt":{"rendered":"<p>Traduit de l&rsquo;anglais par N. Waquet Payot &amp; Rivages, coll. \u00ab\u00a0Manuels Payot\u00a0\u00bb, n\u00b0773, Paris, 2009, 312 p. R\u00e9-\u00e9dit\u00e9 en f\u00e9vrier [&hellip;]<\/p>\n","protected":false},"author":1,"featured_media":0,"parent":108,"menu_order":0,"comment_status":"closed","ping_status":"closed","template":"","meta":{"footnotes":""},"class_list":["post-161","page","type-page","status-publish","hentry"],"aioseo_notices":[],"_links":{"self":[{"href":"https:\/\/nicolaswaquet.fr\/index.php\/wp-json\/wp\/v2\/pages\/161","targetHints":{"allow":["GET"]}}],"collection":[{"href":"https:\/\/nicolaswaquet.fr\/index.php\/wp-json\/wp\/v2\/pages"}],"about":[{"href":"https:\/\/nicolaswaquet.fr\/index.php\/wp-json\/wp\/v2\/types\/page"}],"author":[{"embeddable":true,"href":"https:\/\/nicolaswaquet.fr\/index.php\/wp-json\/wp\/v2\/users\/1"}],"replies":[{"embeddable":true,"href":"https:\/\/nicolaswaquet.fr\/index.php\/wp-json\/wp\/v2\/comments?post=161"}],"version-history":[{"count":14,"href":"https:\/\/nicolaswaquet.fr\/index.php\/wp-json\/wp\/v2\/pages\/161\/revisions"}],"predecessor-version":[{"id":935,"href":"https:\/\/nicolaswaquet.fr\/index.php\/wp-json\/wp\/v2\/pages\/161\/revisions\/935"}],"up":[{"embeddable":true,"href":"https:\/\/nicolaswaquet.fr\/index.php\/wp-json\/wp\/v2\/pages\/108"}],"wp:attachment":[{"href":"https:\/\/nicolaswaquet.fr\/index.php\/wp-json\/wp\/v2\/media?parent=161"}],"curies":[{"name":"wp","href":"https:\/\/api.w.org\/{rel}","templated":true}]}}