{"id":1175,"date":"2026-01-28T10:32:25","date_gmt":"2026-01-28T09:32:25","guid":{"rendered":"https:\/\/nicolaswaquet.fr\/?page_id=1175"},"modified":"2026-01-28T10:37:34","modified_gmt":"2026-01-28T09:37:34","slug":"lame-du-guerrier","status":"publish","type":"page","link":"https:\/\/nicolaswaquet.fr\/index.php\/latin\/traduction-de-langlais\/lame-du-guerrier\/","title":{"rendered":"L&rsquo;\u00e2me du guerrier"},"content":{"rendered":"\n<div class=\"wp-block-columns is-layout-flex wp-container-core-columns-is-layout-9d6595d7 wp-block-columns-is-layout-flex\">\n<div class=\"wp-block-column is-layout-flow wp-block-column-is-layout-flow\" style=\"flex-basis:33.33%\"><div class=\"wp-block-image\">\n<figure class=\"alignright size-full is-resized\"><img loading=\"lazy\" decoding=\"async\" width=\"647\" height=\"1000\" src=\"http:\/\/nicolaswaquet.fr\/wp-content\/uploads\/2026\/01\/Conrad-1.jpg\" alt=\"\" class=\"wp-image-1172\" style=\"width:266px;height:auto\" srcset=\"https:\/\/nicolaswaquet.fr\/wp-content\/uploads\/2026\/01\/Conrad-1.jpg 647w, https:\/\/nicolaswaquet.fr\/wp-content\/uploads\/2026\/01\/Conrad-1-194x300.jpg 194w\" sizes=\"auto, (max-width: 647px) 100vw, 647px\" \/><\/figure><\/div><\/div>\n\n\n\n<div class=\"wp-block-column is-layout-flow wp-block-column-is-layout-flow\" style=\"flex-basis:66.66%\">\n<p><\/p>\n\n\n\n<p>Traduit de l&rsquo;anglais et pr\u00e9fac\u00e9 par N. Waquet<\/p>\n\n\n\n<p>Rivages Poche, collection Petite Biblioth\u00e8que, Paris, janvier 2026, 192 p.<\/p>\n\n\n\n<p>EAN 9782743669287<\/p>\n<\/div>\n<\/div>\n","protected":false},"excerpt":{"rendered":"<p>Traduit de l&rsquo;anglais et pr\u00e9fac\u00e9 par N. Waquet Rivages Poche, collection Petite Biblioth\u00e8que, Paris, janvier 2026, 192 p. EAN 9782743669287<\/p>\n","protected":false},"author":1,"featured_media":0,"parent":108,"menu_order":0,"comment_status":"closed","ping_status":"closed","template":"","meta":{"footnotes":""},"class_list":["post-1175","page","type-page","status-publish","hentry"],"aioseo_notices":[],"_links":{"self":[{"href":"https:\/\/nicolaswaquet.fr\/index.php\/wp-json\/wp\/v2\/pages\/1175","targetHints":{"allow":["GET"]}}],"collection":[{"href":"https:\/\/nicolaswaquet.fr\/index.php\/wp-json\/wp\/v2\/pages"}],"about":[{"href":"https:\/\/nicolaswaquet.fr\/index.php\/wp-json\/wp\/v2\/types\/page"}],"author":[{"embeddable":true,"href":"https:\/\/nicolaswaquet.fr\/index.php\/wp-json\/wp\/v2\/users\/1"}],"replies":[{"embeddable":true,"href":"https:\/\/nicolaswaquet.fr\/index.php\/wp-json\/wp\/v2\/comments?post=1175"}],"version-history":[{"count":4,"href":"https:\/\/nicolaswaquet.fr\/index.php\/wp-json\/wp\/v2\/pages\/1175\/revisions"}],"predecessor-version":[{"id":1181,"href":"https:\/\/nicolaswaquet.fr\/index.php\/wp-json\/wp\/v2\/pages\/1175\/revisions\/1181"}],"up":[{"embeddable":true,"href":"https:\/\/nicolaswaquet.fr\/index.php\/wp-json\/wp\/v2\/pages\/108"}],"wp:attachment":[{"href":"https:\/\/nicolaswaquet.fr\/index.php\/wp-json\/wp\/v2\/media?parent=1175"}],"curies":[{"name":"wp","href":"https:\/\/api.w.org\/{rel}","templated":true}]}}