{"id":1147,"date":"2025-06-15T20:38:38","date_gmt":"2025-06-15T18:38:38","guid":{"rendered":"http:\/\/nicolaswaquet.fr\/?page_id=1147"},"modified":"2026-01-28T19:31:08","modified_gmt":"2026-01-28T18:31:08","slug":"actualite","status":"publish","type":"page","link":"https:\/\/nicolaswaquet.fr\/index.php\/actualite\/","title":{"rendered":"Actualit\u00e9"},"content":{"rendered":"\n<p>Le dimanche 15 f\u00e9vrier, \u00e0 17h, \u00e0 Paris 6\u00e8, les com\u00e9diens Emilie Chevrillon et Claude Aufaure, accompagn\u00e9s \u00e0 la harpe par H\u00e9l\u00e8ne Breschand, liront des po\u00e8me de leurs choix issus des recueils de Nicolas. Waquet, ainsi que des in\u00e9dits. Cette lecture musicale a lieu dans le cadre des concerts organis\u00e9s par l&rsquo;association Philomuses, cr\u00e9\u00e9e et anim\u00e9e par la pianiste Chantal Stigliani.<\/p>\n\n\n\n<p>Si vous souhaitez assister \u00e0 cette lecture payante, la r\u00e9servation est obligatoire, n&rsquo;h\u00e9sitez pas \u00e0 \u00e9crire \u00e0 l&rsquo;adresse nicolas.waquet@hotmail.com qui fera suivre \u00e0 l&rsquo;organisateur.<br><\/p>\n\n\n\n<p><\/p>\n\n\n\n<p><\/p>\n\n\n\n<p><\/p>\n","protected":false},"excerpt":{"rendered":"<p>Le dimanche 15 f\u00e9vrier, \u00e0 17h, \u00e0 Paris 6\u00e8, les com\u00e9diens Emilie Chevrillon et Claude Aufaure, accompagn\u00e9s \u00e0 la harpe [&hellip;]<\/p>\n","protected":false},"author":1,"featured_media":0,"parent":0,"menu_order":5,"comment_status":"closed","ping_status":"closed","template":"","meta":{"footnotes":""},"class_list":["post-1147","page","type-page","status-publish","hentry"],"aioseo_notices":[],"_links":{"self":[{"href":"https:\/\/nicolaswaquet.fr\/index.php\/wp-json\/wp\/v2\/pages\/1147","targetHints":{"allow":["GET"]}}],"collection":[{"href":"https:\/\/nicolaswaquet.fr\/index.php\/wp-json\/wp\/v2\/pages"}],"about":[{"href":"https:\/\/nicolaswaquet.fr\/index.php\/wp-json\/wp\/v2\/types\/page"}],"author":[{"embeddable":true,"href":"https:\/\/nicolaswaquet.fr\/index.php\/wp-json\/wp\/v2\/users\/1"}],"replies":[{"embeddable":true,"href":"https:\/\/nicolaswaquet.fr\/index.php\/wp-json\/wp\/v2\/comments?post=1147"}],"version-history":[{"count":7,"href":"https:\/\/nicolaswaquet.fr\/index.php\/wp-json\/wp\/v2\/pages\/1147\/revisions"}],"predecessor-version":[{"id":1186,"href":"https:\/\/nicolaswaquet.fr\/index.php\/wp-json\/wp\/v2\/pages\/1147\/revisions\/1186"}],"wp:attachment":[{"href":"https:\/\/nicolaswaquet.fr\/index.php\/wp-json\/wp\/v2\/media?parent=1147"}],"curies":[{"name":"wp","href":"https:\/\/api.w.org\/{rel}","templated":true}]}}